{"id":7950,"date":"2014-08-06T08:40:48","date_gmt":"2014-08-06T06:40:48","guid":{"rendered":"https:\/\/www.boavideo.de\/editing\/"},"modified":"2025-02-25T13:41:30","modified_gmt":"2025-02-25T12:41:30","slug":"editing","status":"publish","type":"page","link":"https:\/\/www.boavideo.de\/en\/editing\/","title":{"rendered":"EDITING"},"content":{"rendered":"\n\n\t<h2>\n\t\t\t\t\tEDITING\n\t\t\t\t<\/h2>\n\t\t\t<p><img loading=\"lazy\" decoding=\"async\" src=\"https:\/\/www.boavideo.de\/wp-content\/uploads\/2020\/04\/spacer2.jpg\" alt=\"\" width=\"100\" height=\"10\" \/><\/p>\t\t\n\t\t\t\t\t\t\t\t\t                    <img decoding=\"async\" src=\"https:\/\/www.boavideo.de\/wp-content\/plugins\/beaver-builder-lite-version\/img\/pixel.png\"\/>\n\t\t\t\t\t\t<p>Bei B.O.A. Videofilmkunst erwarten Sie in zentraler Lage, in unmittelbarer N\u00e4he des M\u00fcnchner Hauptbahnhofes, 17 gro\u00dfz\u00fcgige und komfortabel eingerichtete Editing-Suiten. Die Schnittpl\u00e4tze sind mit AVID Media Composer, Premiere Pro CC sowie Final Cut Pro und Resolve ausgestattet und verf\u00fcgen \u00fcber eine Vielzahl an Plug-Ins und Effekt-Paketen.<\/p>\t\t    \n\t\t\t\t\t\t\t\t\t                    <img decoding=\"async\" src=\"https:\/\/www.boavideo.de\/wp-content\/plugins\/beaver-builder-lite-version\/img\/pixel.png\"\/>\n\t\t\t\t\t\t<p>Alle Schnittpl\u00e4tze sind \u00fcber AVID-Nexis miteinander vernetzt und erm\u00f6glichen so zeitsparendes und paralleles Arbeiten. Unsere EditorInnen sind mit allen Bereichen des Videoschnitts vertraut und verf\u00fcgen \u00fcber langj\u00e4hrige Erfahrung im Umgang mit s\u00e4mtlichen g\u00e4ngigen Workflows f\u00fcr Fernseh-, Internet-, Kino- oder Businessfilmformate.<\/p>\t\t    \n\t\t\t\t\t\t\t\t\t\t\t\t\t\t\t<h2>Schnittpl\u00e4tze<\/h2>\n\t\t\t<!-- END .front -->\n\t\t\t\t\t\t<p>Unsere 17 Schnittpl\u00e4tze sind alle \u00fcber AVID-Nexis miteinander verbunden und immer auf dem technisch neuesten Stand.Alle Editing-Suiten sind ger\u00e4umig, individuell und liebevoll gestaltet, so dass Sie in angenehmer Atmosph\u00e4re arbeiten k\u00f6nnen, gerne auch mit eigenen EditorInnen.<\/p>\t\t\t\t\t\n\t\t\t<!-- END .back -->\n\t\t <!-- ifb-flip-box -->\n\t <!-- flip-box -->\n\t\t\t\t\t\t\t\t\t\t\t\t\t\t\t<h2>Remote-Editing<\/h2>\n\t\t\t<!-- END .front -->\n\t\t\t\t\t\t<p>Bei uns schneiden Sie auf Wunsch mit unseren EditorInnen per Livestream im Home-Office. \u00dcber unseren schnellen und sicheren Server k\u00f6nnen Sie so von zuhause aus Regie f\u00fchren &#8211; synchron und in der bestm\u00f6glichen Qualit\u00e4t Ihrer Internetleitung.Auch Abnahmen oder Filmbesprechungen sind \u00fcber Remote-Editing problemlos machbar.<\/p>\t\t\t\t\t\n\t\t\t<!-- END .back -->\n\t\t <!-- ifb-flip-box -->\n\t <!-- flip-box -->\n\t\t\t\t\t\t\t\t\t\t\t\t\t\t\t<h2>Technische Ausstattung<\/h2>\n\t\t\t<!-- END .front -->\n\t\t\t\t\t\t<p>Sie schneiden auf PC oder MAC mit AVID Media Composer, Premiere Pro CC, Final Cut Pro oder Resolve. Alle Rechner sind \u00fcber AVID NEXIS miteinander verbunden. Somit arbeiten Sie an verschiedenen Schnittpl\u00e4tzen am gleichen Projekt. AVID zertifizierte Spezialisten und die Wartungs- und 24h -Supportvertr\u00e4ge mit den Herstellern garantieren maximale Ausfallsicherheit.<\/p>\t\t\t\t\t\n\t\t\t<!-- END .back -->\n\t\t <!-- ifb-flip-box -->\n\t <!-- flip-box -->\n\t\t\t\t\t\t\t\t\t\t\t\t\t\t\t<h2>EditorInnen<\/h2>\n\t\t\t<!-- END .front -->\n\t\t\t\t\t\t<p>Wir finden f\u00fcr Sie die CutterInnen, die zu Ihnen und Ihrem Filmprojekt passen &#8211;\u00a0 mit dem richtigen Blick f\u00fcr das perfekte Bild und viel Liebe zum Detail.\u00a0 Wir geben Ihrem Thema eine eigene Bildsprache und eine individuelle Ausdrucksform.Zum B.O.A.-Team geh\u00f6rt eine gro\u00dfe Anzahl an erfahrenen CutterkollegInnen. Nat\u00fcrlich k\u00f6nnen Sie auch Ihr eigenes Team mitbringen.<\/p>\t\t\t\t\t\n\t\t\t<!-- END .back -->\n\t\t <!-- ifb-flip-box -->\n\t <!-- flip-box -->\n\t\t\t\t\t\t                        <a href=\"https:\/\/www.boavideo.de\/wp-content\/uploads\/2020\/08\/Edit_Scholly_Kampp.jpg\" title=\"\" data-effect=\"mfp-newspaper\">\n\t\t\t\t\t\t\t\t<img decoding=\"async\" src=\"https:\/\/www.boavideo.de\/wp-content\/uploads\/2020\/08\/Edit_Scholly_Kampp.jpg\"\/>                            \n\t\t\t\t\t\t\t                        <\/a>\n\t\t\t\t\t\t                        <a href=\"https:\/\/www.boavideo.de\/wp-content\/uploads\/2020\/08\/Scholly_Kampp_total-scaled.jpg\" title=\"\" data-effect=\"mfp-newspaper\">\n\t\t\t\t\t\t\t\t<img decoding=\"async\" src=\"https:\/\/www.boavideo.de\/wp-content\/uploads\/2020\/08\/Scholly_Kampp_total-scaled.jpg\"\/>                            \n\t\t\t\t\t\t\t                        <\/a>\n\t\t\t\t\t\t                        <a href=\"https:\/\/www.boavideo.de\/wp-content\/uploads\/2020\/08\/Edit-Scholly-Kampp-2.jpg\" title=\"\" data-effect=\"mfp-newspaper\">\n\t\t\t\t\t\t\t\t<img decoding=\"async\" src=\"https:\/\/www.boavideo.de\/wp-content\/uploads\/2020\/08\/Edit-Scholly-Kampp-2.jpg\"\/>                            \n\t\t\t\t\t\t\t                        <\/a>\n\t\t\t\t\t\t                        <a href=\"https:\/\/www.boavideo.de\/wp-content\/uploads\/2020\/08\/Edit_Corinna_Gaspard.jpg\" title=\"\" data-effect=\"mfp-newspaper\">\n\t\t\t\t\t\t\t\t<img decoding=\"async\" src=\"https:\/\/www.boavideo.de\/wp-content\/uploads\/2020\/08\/Edit_Corinna_Gaspard.jpg\"\/>                            \n\t\t\t\t\t\t\t                        <\/a>\n\t\t\t\t\t\t                        <a href=\"https:\/\/www.boavideo.de\/wp-content\/uploads\/2020\/08\/Daniel_Marc_2.jpg\" title=\"\" data-effect=\"mfp-newspaper\">\n\t\t\t\t\t\t\t\t<img decoding=\"async\" src=\"https:\/\/www.boavideo.de\/wp-content\/uploads\/2020\/08\/Daniel_Marc_2.jpg\"\/>                            \n\t\t\t\t\t\t\t                        <\/a>\n\t\t\t\t\t\t                        <a href=\"https:\/\/www.boavideo.de\/wp-content\/uploads\/2020\/08\/Daniel_Marc.jpg\" title=\"\" data-effect=\"mfp-newspaper\">\n\t\t\t\t\t\t\t\t<img decoding=\"async\" src=\"https:\/\/www.boavideo.de\/wp-content\/uploads\/2020\/08\/Daniel_Marc.jpg\"\/>                            \n\t\t\t\t\t\t\t                        <\/a>\n\t\t\t\t\t\t                        <a href=\"https:\/\/www.boavideo.de\/wp-content\/uploads\/2020\/08\/Chris-eichinger_2.jpg\" title=\"\" data-effect=\"mfp-newspaper\">\n\t\t\t\t\t\t\t\t<img decoding=\"async\" src=\"https:\/\/www.boavideo.de\/wp-content\/uploads\/2020\/08\/Chris-eichinger_2.jpg\"\/>                            \n\t\t\t\t\t\t\t                        <\/a>\n\t\t\t\t\t\t                        <a href=\"https:\/\/www.boavideo.de\/wp-content\/uploads\/2020\/08\/Edit_Chris_Eichinger.jpg\" title=\"\" data-effect=\"mfp-newspaper\">\n\t\t\t\t\t\t\t\t<img decoding=\"async\" src=\"https:\/\/www.boavideo.de\/wp-content\/uploads\/2020\/08\/Edit_Chris_Eichinger.jpg\"\/>                            \n\t\t\t\t\t\t\t                        <\/a>\n\t\t\t\t\t\t                        <a href=\"https:\/\/www.boavideo.de\/wp-content\/uploads\/2020\/08\/Edit_Dieter_Lea.jpg\" title=\"\" data-effect=\"mfp-newspaper\">\n\t\t\t\t\t\t\t\t<img decoding=\"async\" src=\"https:\/\/www.boavideo.de\/wp-content\/uploads\/2020\/08\/Edit_Dieter_Lea.jpg\"\/>                            \n\t\t\t\t\t\t\t                        <\/a>\n\t\t\t\t            <!--njba-gallery-wrapper-->\n        <!--njba-gallery-body-->\n    <!--njba-gallery-main-->\n\n","protected":false},"excerpt":{"rendered":"<p>EDITING Bei B.O.A. Videofilmkunst erwarten Sie in zentraler Lage, in unmittelbarer N\u00e4he des M\u00fcnchner Hauptbahnhofes, 17 gro\u00dfz\u00fcgige und komfortabel eingerichtete Editing-Suiten. Die Schnittpl\u00e4tze sind mit AVID Media Composer, Premiere Pro CC sowie Final Cut Pro und Resolve ausgestattet und verf\u00fcgen \u00fcber eine Vielzahl an Plug-Ins und Effekt-Paketen. Alle Schnittpl\u00e4tze sind [&hellip;]<\/p>\n","protected":false},"author":1,"featured_media":7471,"parent":0,"menu_order":0,"comment_status":"closed","ping_status":"open","template":"","meta":{"footnotes":""},"class_list":["post-7950","page","type-page","status-publish","has-post-thumbnail","hentry"],"_links":{"self":[{"href":"https:\/\/www.boavideo.de\/en\/wp-json\/wp\/v2\/pages\/7950","targetHints":{"allow":["GET"]}}],"collection":[{"href":"https:\/\/www.boavideo.de\/en\/wp-json\/wp\/v2\/pages"}],"about":[{"href":"https:\/\/www.boavideo.de\/en\/wp-json\/wp\/v2\/types\/page"}],"author":[{"embeddable":true,"href":"https:\/\/www.boavideo.de\/en\/wp-json\/wp\/v2\/users\/1"}],"replies":[{"embeddable":true,"href":"https:\/\/www.boavideo.de\/en\/wp-json\/wp\/v2\/comments?post=7950"}],"version-history":[{"count":2,"href":"https:\/\/www.boavideo.de\/en\/wp-json\/wp\/v2\/pages\/7950\/revisions"}],"predecessor-version":[{"id":8271,"href":"https:\/\/www.boavideo.de\/en\/wp-json\/wp\/v2\/pages\/7950\/revisions\/8271"}],"wp:featuredmedia":[{"embeddable":true,"href":"https:\/\/www.boavideo.de\/en\/wp-json\/wp\/v2\/media\/7471"}],"wp:attachment":[{"href":"https:\/\/www.boavideo.de\/en\/wp-json\/wp\/v2\/media?parent=7950"}],"curies":[{"name":"wp","href":"https:\/\/api.w.org\/{rel}","templated":true}]}}