{"id":8556,"date":"2025-10-24T13:24:09","date_gmt":"2025-10-24T11:24:09","guid":{"rendered":"https:\/\/www.boavideo.de\/?post_type=product&#038;p=8556"},"modified":"2025-10-24T15:23:16","modified_gmt":"2025-10-24T13:23:16","slug":"idyllenstoerer-max-bresele","status":"publish","type":"product","link":"https:\/\/www.boavideo.de\/en\/produkt\/idyllenstoerer-max-bresele\/","title":{"rendered":"Idyllenst\u00f6rer Max Bresele"},"content":{"rendered":"<p>Die Biografie \u201eIdyllenst\u00f6rer Max Bresele\u201c, verfasst von Julia Weigl-Wagner und herausgegeben vom Kunstverein Weiden, umfasst 104 Seiten mit Abbildungen.<\/p>\n<p>Der Oberpf\u00e4lzer Max Bresele (1944 \u2013 1998) war K\u00fcnstler, sein Leben ein Kunstwerk. Der Bildhauer, Filmemacher und Assembleur verarbeitete, was er fand. So manche Idylle durchkreuzte Bresele mit breitem Stift, Skalpell oder Scharfkantigem vom Schrottplatz. Sein \u0152uvre richtet sich gegen Krieg und Konsum. Der Kunstverein Weiden hat jetzt eine Biografie des au\u00dfergew\u00f6hnlichen K\u00fcnstlers herausgegeben. Mitgestalter einer \u00c4sthetik des Widerstands Auf die Frage, wer Max Bresele war, formuliert Wolfgang Herzer, Vorstand des Kunstvereins Weiden, zumindest zwei Perspektiven auf den K\u00fcnstler: \u201eDurch die eine Brille sieht man eher den sozial aus-dem-Ruder-geratenen Menschen, der sich mit Kunsthandwerk \u00fcber Wasser h\u00e4lt. Eine andere Brille offenbart einen Kunst-Utopisten, der aus seiner Vision ernst macht.\u201c Bresele, der gelernte Offset-Drucker, war dadaistisch radikal. Wie kein anderer in der Oberpfalz repr\u00e4sentiert er die Kunststr\u00f6mungen der 70er und 80er Jahre. Er war Mitgestalter der \u00c4sthetik des Widerstandes am Bauzaun der in Wackersdorf bei Schwandorf geplanten Wiederaufbereitungsanlage atomarer Kernbrennst\u00e4be aus Atomreaktoren (WAA). Ein Stall als Behausung 15 Jahre lang lebte er am Rande einer \u00d6ko-Land-Kommune in einem aufgelassenen Stall. Dieses Geb\u00e4ude war bis zu seinem Tod 1998, eingebettet in eine Garten-Wildnis, nicht nur Produktionsst\u00e4tte von Gem\u00e4lden, B\u00fcchern, M\u00f6beln, Objektk\u00e4sten, Dada-Fahrzeugen (Karren der Depression), Filmen, Musikst\u00fccken, Assemblagen, absurden landwirtschaftlichen Werkzeugen und vielem anderen. Dieser Stall war auch Behausung eines Lebens aus dem Geist der Kunst. Nach seinem Tod rettete der Kunstverein Weiden das Werk des Aussteiger-K\u00fcnstlers vor der Vernichtung und wurde dessen Nachlassverwalter. Mehr als 1.000 Artefakte Breseles lagern in einem Speicher in Etzenricht bei Weiden. Beim Kunstverein Weiden e.V. ist ein provisorisches Max-Bresele-Museum mit Gem\u00e4lden, Objektk\u00e4sten, und Skulpturen eingerichtet.<\/p>\n","protected":false},"excerpt":{"rendered":"<h2><strong>Idyllenst\u00f6rer Max Bresele<\/strong><\/h2>\n<p>Die Biografie \u201eIdyllenst\u00f6rer Max Bresele\u201c, verfasst von Julia Weigl-Wagner und herausgegeben vom Kunstverein Weiden, umfasst 104 Seiten mit Abbildungen.<\/p>\n","protected":false},"featured_media":8568,"template":"","meta":[],"product_brand":[],"product_cat":[73],"product_tag":[120,121,122],"class_list":{"0":"post-8556","1":"product","2":"type-product","3":"status-publish","4":"has-post-thumbnail","6":"product_cat-buch","7":"product_tag-bresele","8":"product_tag-idyllenstoerer","9":"product_tag-weigl-wagner","11":"first","12":"instock","13":"taxable","14":"shipping-taxable","15":"purchasable","16":"product-type-simple"},"_links":{"self":[{"href":"https:\/\/www.boavideo.de\/en\/wp-json\/wp\/v2\/product\/8556","targetHints":{"allow":["GET"]}}],"collection":[{"href":"https:\/\/www.boavideo.de\/en\/wp-json\/wp\/v2\/product"}],"about":[{"href":"https:\/\/www.boavideo.de\/en\/wp-json\/wp\/v2\/types\/product"}],"wp:featuredmedia":[{"embeddable":true,"href":"https:\/\/www.boavideo.de\/en\/wp-json\/wp\/v2\/media\/8568"}],"wp:attachment":[{"href":"https:\/\/www.boavideo.de\/en\/wp-json\/wp\/v2\/media?parent=8556"}],"wp:term":[{"taxonomy":"product_brand","embeddable":true,"href":"https:\/\/www.boavideo.de\/en\/wp-json\/wp\/v2\/product_brand?post=8556"},{"taxonomy":"product_cat","embeddable":true,"href":"https:\/\/www.boavideo.de\/en\/wp-json\/wp\/v2\/product_cat?post=8556"},{"taxonomy":"product_tag","embeddable":true,"href":"https:\/\/www.boavideo.de\/en\/wp-json\/wp\/v2\/product_tag?post=8556"}],"curies":[{"name":"wp","href":"https:\/\/api.w.org\/{rel}","templated":true}]}}